{"id":32123,"date":"2025-04-03T09:29:34","date_gmt":"2025-04-03T09:29:34","guid":{"rendered":"https:\/\/alpeorv2.aif-staging.com\/?page_id=32123"},"modified":"2025-04-23T12:26:36","modified_gmt":"2025-04-23T12:26:36","slug":"legal-informations","status":"publish","type":"page","link":"https:\/\/alpeorv2.aif-staging.com\/fr\/legal-informations\/","title":{"rendered":"Legal Informations"},"content":{"rendered":"<p>[et_pb_section fb_built=&#8221;1&#8243; custom_padding_last_edited=&#8221;off|desktop&#8221; _builder_version=&#8221;4.27.4&#8243; _module_preset=&#8221;default&#8221; background_color=&#8221;#FFFFFF&#8221; custom_margin=&#8221;80px||80px||true|false&#8221; custom_margin_tablet=&#8221;60px||60px||true|false&#8221; custom_margin_phone=&#8221;30px||30px||true|false&#8221; custom_margin_last_edited=&#8221;on|phone&#8221; custom_padding=&#8221;0px||||false|false&#8221; custom_padding_tablet=&#8221;40px||40px||true|false&#8221; custom_padding_phone=&#8221;0px||40px||false|false&#8221; custom_css_main_element=&#8221;z-index: 0;&#8221; global_colors_info=&#8221;{}&#8221; custom_margin__hover_enabled=&#8221;off|desktop&#8221;][et_pb_row custom_padding_last_edited=&#8221;off|desktop&#8221; _builder_version=&#8221;4.27.4&#8243; _module_preset=&#8221;default&#8221; width=&#8221;70%&#8221; width_tablet=&#8221;70%&#8221; width_phone=&#8221;75%&#8221; width_last_edited=&#8221;on|phone&#8221; custom_padding=&#8221;||||false|false&#8221; custom_padding_tablet=&#8221;|||5%|false|false&#8221; custom_padding_phone=&#8221;|||5%|false|false&#8221; global_colors_info=&#8221;{}&#8221;][et_pb_column type=&#8221;4_4&#8243; _builder_version=&#8221;4.27.4&#8243; _module_preset=&#8221;default&#8221; global_colors_info=&#8221;{}&#8221;][et_pb_text module_class=&#8221;section-title-alpeor&#8221; _builder_version=&#8221;4.27.4&#8243; _module_preset=&#8221;default&#8221; text_font=&#8221;Freight Disp Pro Italic||||||||&#8221; text_font_size=&#8221;24px&#8221; header_font_size=&#8221;65px&#8221; header_letter_spacing=&#8221;1px&#8221; header_2_font_size=&#8221;80px&#8221; header_2_letter_spacing=&#8221;1px&#8221; custom_margin=&#8221;||10px||false|false&#8221; header_font_size_tablet=&#8221;50px&#8221; header_font_size_phone=&#8221;40px&#8221; header_font_size_last_edited=&#8221;on|phone&#8221; header_2_font_size_tablet=&#8221;60px&#8221; header_2_font_size_phone=&#8221;45px&#8221; header_2_font_size_last_edited=&#8221;on|phone&#8221; global_colors_info=&#8221;{}&#8221; title_font_size_tablet=&#8221;50px&#8221; title_font_size_phone=&#8221;40px&#8221; title_font_size_last_edited=&#8221;on|phone&#8221;]<\/p>\n<h1>Mentions l\u00e9gales<\/h1>\n<p>[\/et_pb_text][et_pb_text module_class=&#8221;description-alpeor&#8221; _builder_version=&#8221;4.27.4&#8243; _module_preset=&#8221;default&#8221; text_font=&#8221;Freight Disp Pro Italic||||||||&#8221; text_font_size=&#8221;24px&#8221; text_letter_spacing=&#8221;1px&#8221; text_line_height=&#8221;1.4em&#8221; header_2_font_size=&#8221;80px&#8221; max_width=&#8221;700px&#8221; custom_padding=&#8221;20px||20px||true|false&#8221; global_colors_info=&#8221;{}&#8221;]This legal notice governs the use of the website <strong>www.alpeor.com<\/strong> (the \u201cSite\u201d). By accessing or using the Site, you agree to comply with and be bound by the terms described below.[\/et_pb_text][et_pb_text _builder_version=&#8221;4.27.4&#8243; _module_preset=&#8221;default&#8221; text_font_size=&#8221;16px&#8221; header_2_text_color=&#8221;#195852&#8243; global_colors_info=&#8221;{}&#8221;]<\/p>\n<h2>\u00c9diteur<\/h2>\n<p>Le site www.alpeor.com est \u00e9dit\u00e9 par Elvacare SA et est la propri\u00e9t\u00e9 exclusive d'Elvacare SA, dont le si\u00e8ge social est situ\u00e9 \u00e0 l'adresse suivante :<br \/>Elvacare SA - 1260 Nyon - Suisse<\/p>\n<h2>Droit d'auteur<\/h2>\n<p>L'acc\u00e8s \u00e0 ce site vous conf\u00e8re un droit d'usage priv\u00e9, non collectif et non exclusif sur le contenu de ce site (non limit\u00e9 aux textes, images, vid\u00e9os, animations). Tous les droits de reproduction sont r\u00e9serv\u00e9s, y compris pour les documents t\u00e9l\u00e9chargeables et les repr\u00e9sentations iconographiques et photographiques. La distribution, la republication ou la reproduction de tout ou partie de ce site, sous quelque forme que ce soit, est strictement interdite sauf autorisation expresse d'Elvacare SA.<\/p>\n<p>Droits de reproduction et de diffusion r\u00e9serv\u00e9s et strictement limit\u00e9s<br \/>Les fichiers d'entreprise disponibles sur ce site sont prot\u00e9g\u00e9s par la l\u00e9gislation sur le droit d'auteur, assurant \u00e0 l'auteur un droit de propri\u00e9t\u00e9 incorporelle exclusif et opposable \u00e0 toute personne. Il est interdit de s'approprier ces fichiers pour un usage priv\u00e9.<\/p>\n<h2>Protection des donn\u00e9es personnelles<\/h2>\n<p>Elvacare SA s'engage \u00e0 pr\u00e9server la confidentialit\u00e9 des informations fournies par l'internaute en ligne. Les informations recueillies font l'objet d'un traitement informatique destin\u00e9 \u00e0 l'envoi de la lettre d'information et\/ou \u00e0 la gestion des commandes des clients. Les internautes disposent d'un droit d'acc\u00e8s, de modification, de rectification et de suppression des donn\u00e9es personnelles les concernant en contactant Alpeor ici.<\/p>\n<h2>Fonctionnement du site<\/h2>\n<p>Nous collectons, conservons et traitons vos donn\u00e9es afin de pouvoir ex\u00e9cuter votre commande et fournir d'\u00e9ventuels services de garantie, pour nos services, pour la gestion technique et pour nos propres op\u00e9rations de marketing. Vos donn\u00e9es personnelles ne sont transmises \u00e0 des tiers que si cela est n\u00e9cessaire \u00e0 l'ex\u00e9cution du contrat ou \u00e0 la facturation, ou si vous l'avez pr\u00e9alablement autoris\u00e9. Dans le cadre de l'ex\u00e9cution de la commande, les prestataires de services que nous mandatons re\u00e7oivent, par exemple, les donn\u00e9es n\u00e9cessaires \u00e0 la commande et \u00e0 son ex\u00e9cution. Nos prestataires de services ne sont autoris\u00e9s \u00e0 utiliser les donn\u00e9es ainsi transmises que dans le but d'ex\u00e9cuter la t\u00e2che qui leur a \u00e9t\u00e9 confi\u00e9e. Toute autre utilisation des informations est strictement interdite. Pour traiter votre commande, nous avons besoin de l'indication exacte de votre nom, de votre adresse et de vos coordonn\u00e9es de paiement. Nous avons \u00e9galement besoin de votre adresse \u00e9lectronique pour pouvoir accuser r\u00e9ception de votre commande et communiquer avec vous. En outre, vous recevrez une confirmation de votre commande et de l'exp\u00e9dition \u00e0 votre adresse \u00e9lectronique.<\/p>\n<p>Nous supprimons vos informations personnelles - dans la mesure o\u00f9 leur suppression n'est pas contraire aux obligations l\u00e9gales de conservation - lorsque vous avez exerc\u00e9 votre droit de suppression, lorsque les informations ne sont plus n\u00e9cessaires aux fins pour lesquelles elles ont \u00e9t\u00e9 enregistr\u00e9es, ou lorsque leur enregistrement est contraire \u00e0 d'autres dispositions l\u00e9gales.<\/p>\n<p>Ce site recueille et enregistre les donn\u00e9es de session des visiteurs, qui sont utilis\u00e9es pour am\u00e9liorer le contenu et la convivialit\u00e9 des pages du site. Des \"cookies\" peuvent \u00eatre install\u00e9s \u00e0 cette fin. La collecte de donn\u00e9es sur ce site peut \u00eatre suspendue \u00e0 tout moment. Vous pouvez bloquer l'enregistrement des cookies dans le menu \"Outils\" (Explorer) ou \"Pr\u00e9f\u00e9rences\" (Safari).<\/p>\n<p>Elvacare SA s'efforce d'assurer la fiabilit\u00e9 et l'exactitude des informations fournies sur ce site et de les maintenir \u00e0 jour. N\u00e9anmoins, les informations diffus\u00e9es sous forme \u00e9lectronique sur ce site peuvent avoir \u00e9t\u00e9 mises \u00e0 jour entre le moment o\u00f9 vous les avez t\u00e9l\u00e9charg\u00e9es et celui o\u00f9 vous les lisez. Nous vous conseillons de v\u00e9rifier leur validit\u00e9.<br \/>Elvacare SA se r\u00e9serve le droit de modifier ou de corriger le contenu du site \u00e0 tout moment, sans pr\u00e9avis. Malgr\u00e9 les nombreux contr\u00f4les et v\u00e9rifications effectu\u00e9s par Elvacare SA, les informations contenues dans ce site peuvent contenir des erreurs.<br \/>Pour tout commentaire sur le contenu de ce site, veuillez remplir le formulaire de contact.<\/p>\n<p>Voir notre <a href=\"https:\/\/alpeorv2.aif-staging.com\/privacy-policy\/\">page sur la politique de confidentialit\u00e9<\/a>.<\/p>\n<h2>Google Analytics<\/h2>\n<p>Notre site utilise Google Analytics, un service d'analyse d'audience de sites internet fourni par Google Inc. (\"Google\"). Google Analytics utilise des \"cookies\", qui sont des fichiers texte stock\u00e9s localement sur votre ordinateur et qui nous permettent d'analyser votre utilisation du site. Les informations g\u00e9n\u00e9r\u00e9es par les cookies concernant l'utilisation de ce site (y compris votre adresse IP) sont transmises \u00e0 un serveur de Google aux Etats-Unis, o\u00f9 elles sont stock\u00e9es. Google utilise ces informations pour analyser l'utilisation que vous faites de notre site, pour \u00e9tablir des rapports sur l'activit\u00e9 du site \u00e0 l'intention de son exploitant et pour fournir d'autres services li\u00e9s \u00e0 l'utilisation du site et d'Internet. Google peut \u00e9galement transmettre ces informations \u00e0 des tiers si la loi l'exige ou si des tiers traitent les donn\u00e9es \u00e0 la demande de Google. Google ne mettra en aucun cas votre adresse IP en relation avec d'autres donn\u00e9es de Google. Vous pouvez emp\u00eacher l'installation des cookies en configurant les param\u00e8tres correspondants de votre navigateur ; nous attirons toutefois votre attention sur le fait que, dans ce cas, vous ne pourrez peut-\u00eatre pas utiliser toutes les fonctionnalit\u00e9s de ce site Web. En utilisant ce site Internet, vous consentez express\u00e9ment au traitement de vos donn\u00e9es nominatives par Google dans les conditions et pour les finalit\u00e9s d\u00e9crites ci-dessus.<\/p>\n<h2>Bulletin d'information<\/h2>\n<p>Pour vous envoyer notre lettre d'information, nous utilisons la proc\u00e9dure dite \"opt-in\", c'est-\u00e0-dire que nous ne vous envoyons une lettre d'information par courrier \u00e9lectronique que si vous avez pr\u00e9alablement et express\u00e9ment confirm\u00e9 que nous devons activer notre service de lettre d'information pour vous. Si vous ne souhaitez plus recevoir de bulletins d'information de notre part, vous pouvez mettre fin \u00e0 ce service \u00e0 tout moment. Dans chaque lettre d'information, vous trouverez un lien vous permettant de vous d\u00e9sinscrire.<\/p>\n<p>Les pr\u00e9sentes mentions l\u00e9gales sont r\u00e9gies par le droit suisse.<\/p>\n<p>[\/et_pb_text][\/et_pb_column][\/et_pb_row][\/et_pb_section]<\/p>","protected":false},"excerpt":{"rendered":"<p>Legal informationsThis legal notice governs the use of the website www.alpeor.com (the \u201cSite\u201d). By accessing or using the Site, you agree to comply with and be bound by the terms described below.Editor The www.alpeor.com website is published by Elvacare SA and is the exclusive property of Elvacare SA, whose head office is located at:Elvacare SA [&hellip;]<\/p>","protected":false},"author":1,"featured_media":0,"parent":0,"menu_order":0,"comment_status":"closed","ping_status":"open","template":"","meta":{"_acf_changed":false,"_et_pb_use_builder":"on","_et_pb_old_content":"","_et_gb_content_width":"","footnotes":""},"class_list":["post-32123","page","type-page","status-publish","hentry"],"acf":[],"_links":{"self":[{"href":"https:\/\/alpeorv2.aif-staging.com\/fr\/wp-json\/wp\/v2\/pages\/32123","targetHints":{"allow":["GET"]}}],"collection":[{"href":"https:\/\/alpeorv2.aif-staging.com\/fr\/wp-json\/wp\/v2\/pages"}],"about":[{"href":"https:\/\/alpeorv2.aif-staging.com\/fr\/wp-json\/wp\/v2\/types\/page"}],"author":[{"embeddable":true,"href":"https:\/\/alpeorv2.aif-staging.com\/fr\/wp-json\/wp\/v2\/users\/1"}],"replies":[{"embeddable":true,"href":"https:\/\/alpeorv2.aif-staging.com\/fr\/wp-json\/wp\/v2\/comments?post=32123"}],"version-history":[{"count":7,"href":"https:\/\/alpeorv2.aif-staging.com\/fr\/wp-json\/wp\/v2\/pages\/32123\/revisions"}],"predecessor-version":[{"id":33215,"href":"https:\/\/alpeorv2.aif-staging.com\/fr\/wp-json\/wp\/v2\/pages\/32123\/revisions\/33215"}],"wp:attachment":[{"href":"https:\/\/alpeorv2.aif-staging.com\/fr\/wp-json\/wp\/v2\/media?parent=32123"}],"curies":[{"name":"wp","href":"https:\/\/api.w.org\/{rel}","templated":true}]}}