{"id":33242,"date":"2025-04-23T13:19:50","date_gmt":"2025-04-23T13:19:50","guid":{"rendered":"https:\/\/alpeorv2.aif-staging.com\/?page_id=33242"},"modified":"2025-05-17T14:39:50","modified_gmt":"2025-05-17T14:39:50","slug":"collection-body","status":"publish","type":"page","link":"https:\/\/alpeorv2.aif-staging.com\/fr\/collection-body\/","title":{"rendered":"Collection &#8211; Body"},"content":{"rendered":"<p>[et_pb_section fb_built=&#8221;1&#8243; custom_padding_last_edited=&#8221;on|phone&#8221; _builder_version=&#8221;4.27.4&#8243; _module_preset=&#8221;default&#8221; background_color=&#8221;#FFFFFF&#8221; custom_margin=&#8221;||||false|false&#8221; custom_padding=&#8221;0px||0px||false|false&#8221; custom_padding_tablet=&#8221;0px||0px||true|false&#8221; custom_padding_phone=&#8221;0px||0px||true|false&#8221; custom_css_main_element=&#8221;z-index: 0;&#8221; global_colors_info=&#8221;{}&#8221;][et_pb_row make_equal=&#8221;on&#8221; _builder_version=&#8221;4.27.4&#8243; _module_preset=&#8221;default&#8221; width=&#8221;100%&#8221; width_tablet=&#8221;70%&#8221; width_phone=&#8221;70%&#8221; width_last_edited=&#8221;on|tablet&#8221; max_width=&#8221;1920px&#8221; max_width_tablet=&#8221;1080px&#8221; max_width_phone=&#8221;1080px&#8221; max_width_last_edited=&#8221;on|tablet&#8221; custom_margin=&#8221;0px||0px||false|false&#8221; custom_margin_tablet=&#8221;40px||0px||false|false&#8221; custom_margin_phone=&#8221;40px||0px||false|false&#8221; custom_margin_last_edited=&#8221;on|phone&#8221; custom_padding=&#8221;0px||0px||false|false&#8221; custom_css_main_element=&#8221;height: 100%;||z-index: 0;&#8221; global_colors_info=&#8221;{}&#8221; custom_css_main_element_last_edited=&#8221;off|desktop&#8221;][et_pb_column type=&#8221;4_4&#8243; _builder_version=&#8221;4.27.4&#8243; _module_preset=&#8221;default&#8221; background_enable_image=&#8221;off&#8221; custom_css_main_element=&#8221;display: flex;||align-items: center;&#8221; global_colors_info=&#8221;{}&#8221;][et_pb_image src=&#8221;http:\/\/alpeorv2.aif-staging.com\/wp-content\/uploads\/2025\/04\/Collection-Body-Banner.jpg&#8221; alt=&#8221;collection-horizon-cream-serum-mast-switzerland&#8221; title_text=&#8221;Collection Body Banner&#8221; align=&#8221;center&#8221; admin_label=&#8221;Image&#8221; _builder_version=&#8221;4.27.4&#8243; _module_preset=&#8221;default&#8221; max_width=&#8221;650px&#8221; max_width_tablet=&#8221;650px&#8221; max_width_phone=&#8221;500px&#8221; max_width_last_edited=&#8221;on|desktop&#8221; module_alignment=&#8221;center&#8221; module_alignment_tablet=&#8221;center&#8221; module_alignment_phone=&#8221;center&#8221; module_alignment_last_edited=&#8221;off|desktop&#8221; global_colors_info=&#8221;{}&#8221;][\/et_pb_image][\/et_pb_column][\/et_pb_row][et_pb_row column_structure=&#8221;1_2,1_2&#8243; _builder_version=&#8221;4.27.4&#8243; _module_preset=&#8221;default&#8221; width=&#8221;70%&#8221; custom_margin=&#8221;0px||40px||false|false&#8221; custom_margin_tablet=&#8221;30px||0px||false|false&#8221; custom_margin_phone=&#8221;10px||0px||false|false&#8221; custom_margin_last_edited=&#8221;on|tablet&#8221; global_colors_info=&#8221;{}&#8221;][et_pb_column type=&#8221;1_2&#8243; _builder_version=&#8221;4.27.4&#8243; _module_preset=&#8221;default&#8221; global_colors_info=&#8221;{}&#8221;][et_pb_text module_class=&#8221;section-title-alpeor&#8221; _builder_version=&#8221;4.27.4&#8243; _module_preset=&#8221;default&#8221; text_font=&#8221;Freight Disp Pro Italic||||||||&#8221; text_font_size=&#8221;24px&#8221; header_font_size=&#8221;80px&#8221; header_2_font_size=&#8221;80px&#8221; header_2_letter_spacing=&#8221;1px&#8221; width=&#8221;100%&#8221; custom_margin=&#8221;||10px||false|false&#8221; header_font_size_tablet=&#8221;60px&#8221; header_font_size_phone=&#8221;45px&#8221; header_font_size_last_edited=&#8221;on|phone&#8221; header_2_font_size_tablet=&#8221;60px&#8221; header_2_font_size_phone=&#8221;45px&#8221; header_2_font_size_last_edited=&#8221;on|desktop&#8221; global_colors_info=&#8221;{}&#8221;]<\/p>\n<h1>La collection soins du corps haut de gamme d\u2019Alpeor<\/h1>\n<p>[\/et_pb_text][et_pb_text _builder_version=&#8221;4.27.4&#8243; _module_preset=&#8221;default&#8221; text_font_size=&#8221;18px&#8221; text_letter_spacing=&#8221;0.05em&#8221; link_option_url=&#8221;https:\/\/alpeorv2.aif-staging.com\/category\/collections\/alpeor-body\/&#8221; text_font_size_tablet=&#8221;18px&#8221; text_font_size_phone=&#8221;16px&#8221; text_font_size_last_edited=&#8221;on|phone&#8221; global_colors_info=&#8221;{}&#8221;]<\/p>\n<p><span class=\"custom-link\"><span class=\"text\">Acheter la collection<\/span><\/span><\/p>\n<p>[\/et_pb_text][\/et_pb_column][et_pb_column type=&#8221;1_2&#8243; _builder_version=&#8221;4.27.4&#8243; _module_preset=&#8221;default&#8221; custom_padding=&#8221;15px||||false|false&#8221; custom_padding_tablet=&#8221;0px||||false|false&#8221; custom_padding_phone=&#8221;0px||||false|false&#8221; custom_padding_last_edited=&#8221;on|tablet&#8221; global_colors_info=&#8221;{}&#8221;][et_pb_text content_tablet=&#8221;<\/p>\n<p>Le r\u00e8gne v\u00e9g\u00e9tal au c\u0153ur de la science<\/p>\n<p>&#8221; content_phone=&#8221;<\/p>\n<p>Le r\u00e8gne v\u00e9g\u00e9tal au c\u0153ur de la science<\/p>\n<p>&#8221; content_last_edited=&#8221;off|tablet&#8221; _builder_version=&#8221;4.27.4&#8243; _module_preset=&#8221;default&#8221; text_font=&#8221;&#8211;et_global_heading_font||on||||||&#8221; text_text_color=&#8221;#195852&#8243; text_font_size=&#8221;30px&#8221; text_line_height=&#8221;1em&#8221; custom_margin=&#8221;||20px||false|false&#8221; custom_padding=&#8221;||||false|false&#8221; text_orientation_tablet=&#8221;&#8221; text_orientation_phone=&#8221;left&#8221; text_orientation_last_edited=&#8221;on|phone&#8221; global_colors_info=&#8221;{}&#8221;]DISCOVER AN ANTI-AGING BODY COLLECTION DESIGNED TO PROVIDE LONG-LASTING HYDRATIONCOLLECTIONS[\/et_pb_text][et_pb_text _builder_version=&#8221;4.27.4&#8243; _module_preset=&#8221;default&#8221; text_font=&#8221;&#8211;et_global_body_font||||||||&#8221; text_text_color=&#8221;#2d2d2d&#8221; text_font_size=&#8221;16px&#8221; global_colors_info=&#8221;{}&#8221;]<\/p>\n<p><span style=\"font-weight: 400;\">Les soins du corps sont tout aussi importants que les soins du visage. Soumise aux m\u00eames facteurs de stress environnementaux et au vieillissement g\u00e9n\u00e9tique, la peau du corps est sujet \u00e0 la perte de densit\u00e9, \u00e0 la s\u00e9cheresse, au manque d\u2019\u00e9lasticit\u00e9 et aux rides.<\/span><\/p>\n<p>&nbsp;<\/p>\n<p>[\/et_pb_text][et_pb_text content_tablet=&#8221;<\/p>\n<p>Le r\u00e8gne v\u00e9g\u00e9tal au c\u0153ur de la science<\/p>\n<p>&#8221; content_phone=&#8221;<\/p>\n<p>Le r\u00e8gne v\u00e9g\u00e9tal au c\u0153ur de la science<\/p>\n<p>&#8221; content_last_edited=&#8221;off|tablet&#8221; _builder_version=&#8221;4.27.4&#8243; _module_preset=&#8221;default&#8221; text_font=&#8221;&#8211;et_global_heading_font||on||||||&#8221; text_text_color=&#8221;#195852&#8243; text_font_size=&#8221;30px&#8221; text_line_height=&#8221;1em&#8221; custom_margin=&#8221;||20px||false|false&#8221; custom_padding=&#8221;||||false|false&#8221; text_orientation_tablet=&#8221;&#8221; text_orientation_phone=&#8221;left&#8221; text_orientation_last_edited=&#8221;on|phone&#8221; global_colors_info=&#8221;{}&#8221;]<\/p>\n<p><span style=\"font-weight: 400;\">Une collection anti-\u00e2ge pour le corps<\/span><\/p>\n<p>[\/et_pb_text][et_pb_text _builder_version=&#8221;4.27.4&#8243; _module_preset=&#8221;default&#8221; text_font=&#8221;&#8211;et_global_body_font||||||||&#8221; text_text_color=&#8221;#2d2d2d&#8221; text_font_size=&#8221;16px&#8221; global_colors_info=&#8221;{}&#8221;]<span style=\"font-weight: 400;\">La collection de soins pour le corps d\u2019Alpeor cible ces signes de vieillissement cutan\u00e9. Les cellules mortes de la peau sont \u00e9limin\u00e9es en douceur pour favoriser le renouvellement cellulaire, la peau est hydrat\u00e9e en profondeur.  Les produits luxueux de cette ligne de soins p\u00e9n\u00e8trent dans la peau pour une action raffermissante et tonifiante et un fini doux et soyeux.<\/span><\/p>\n<p><span style=\"font-weight: 400;\">L\u2019Edelweiss offre une protection antioxydante, le m\u00e9lange cibl\u00e9 d\u2019Acide glycolique et salicylique exfolie, illumine et lisse efficacement, le Buddleia prot\u00e8ge les fibres de collag\u00e8ne et le Cresson du Para agit comme un tenseur tissulaire instantan\u00e9.\u00a0<\/span><\/p>\n<p><span style=\"font-weight: 400;\">Skin is softened, smoothed, firmed and toned, ready to take on each day.<\/span>[\/et_pb_text][\/et_pb_column][\/et_pb_row][et_pb_row module_class=&#8221;plain-photo&#8221; _builder_version=&#8221;4.27.4&#8243; _module_preset=&#8221;default&#8221; width=&#8221;100%&#8221; max_width=&#8221;1920px&#8221; custom_margin_tablet=&#8221;50px||||false|false&#8221; custom_margin_phone=&#8221;30px||||false|false&#8221; custom_margin_last_edited=&#8221;on|desktop&#8221; custom_padding=&#8221;0px||0px||false|false&#8221; animation_style=&#8221;fade&#8221; animation_direction=&#8221;bottom&#8221; animation_duration=&#8221;1500ms&#8221; global_colors_info=&#8221;{}&#8221;][et_pb_column type=&#8221;4_4&#8243; _builder_version=&#8221;4.27.4&#8243; _module_preset=&#8221;default&#8221; custom_css_main_element=&#8221;z-index: 1 !important;&#8221; global_colors_info=&#8221;{}&#8221;][et_pb_image src=&#8221;http:\/\/alpeorv2.aif-staging.com\/wp-content\/uploads\/2025\/04\/ALPEOR_BODY.jpg&#8221; alt=&#8221;alpeor-horizon-products&#8221; title_text=&#8221;ALPEOR_BODY&#8221; align=&#8221;center&#8221; _builder_version=&#8221;4.27.4&#8243; _module_preset=&#8221;default&#8221; module_alignment=&#8221;center&#8221; custom_css_main_element=&#8221;width: 100% !important;&#8221; global_colors_info=&#8221;{}&#8221;][\/et_pb_image][\/et_pb_column][\/et_pb_row][\/et_pb_section][et_pb_section fb_built=&#8221;1&#8243; custom_padding_last_edited=&#8221;on|phone&#8221; _builder_version=&#8221;4.27.4&#8243; _module_preset=&#8221;default&#8221; background_color=&#8221;#FFFFFF&#8221; custom_margin=&#8221;||||false|false&#8221; custom_padding=&#8221;0px||0px||false|false&#8221; custom_padding_tablet=&#8221;0px||0px||true|false&#8221; custom_padding_phone=&#8221;0px||0px||true|false&#8221; custom_css_main_element=&#8221;z-index: 0;&#8221; global_colors_info=&#8221;{}&#8221;][et_pb_row column_structure=&#8221;1_4,1_4,1_4,1_4&#8243; _builder_version=&#8221;4.27.4&#8243; _module_preset=&#8221;default&#8221; width=&#8221;70%&#8221; custom_margin=&#8221;40px||40px||true|false&#8221; custom_margin_tablet=&#8221;40px||40px||true|false&#8221; custom_margin_phone=&#8221;30px||30px||true|false&#8221; custom_margin_last_edited=&#8221;on|phone&#8221; custom_padding=&#8221;||||false|false&#8221; border_color_top=&#8221;#c6a992&#8243; border_color_bottom=&#8221;#c6a992&#8243; global_colors_info=&#8221;{}&#8221;][et_pb_column type=&#8221;1_4&#8243; _builder_version=&#8221;4.27.4&#8243; _module_preset=&#8221;default&#8221; global_colors_info=&#8221;{}&#8221;][et_pb_text content_tablet=&#8221;<\/p>\n<p>Le r\u00e8gne v\u00e9g\u00e9tal au c\u0153ur de la science<\/p>\n<p>&#8221; content_phone=&#8221;<\/p>\n<p>Le r\u00e8gne v\u00e9g\u00e9tal au c\u0153ur de la science<\/p>\n<p>&#8221; content_last_edited=&#8221;off|tablet&#8221; _builder_version=&#8221;4.27.4&#8243; _module_preset=&#8221;default&#8221; text_font=&#8221;FreghtdispPro Light Italic||on||||||&#8221; text_text_color=&#8221;#000000&#8243; text_font_size=&#8221;30px&#8221; text_line_height=&#8221;1.2em&#8221; custom_margin=&#8221;||20px||false|false&#8221; custom_padding=&#8221;||||false|false&#8221; text_font_size_tablet=&#8221;30px&#8221; text_font_size_phone=&#8221;25px&#8221; text_font_size_last_edited=&#8221;on|phone&#8221; text_orientation_tablet=&#8221;&#8221; text_orientation_phone=&#8221;center&#8221; text_orientation_last_edited=&#8221;on|tablet&#8221; global_colors_info=&#8221;{}&#8221;]<\/p>\n<p>D\u00e9couvrez les collections d'Alpeor<\/p>\n<p>[\/et_pb_text][\/et_pb_column][et_pb_column type=&#8221;1_4&#8243; _builder_version=&#8221;4.27.4&#8243; _module_preset=&#8221;default&#8221; global_colors_info=&#8221;{}&#8221;][et_pb_text content_tablet=&#8221;<\/p>\n<p>Le r\u00e8gne v\u00e9g\u00e9tal au c\u0153ur de la science<\/p>\n<p>&#8221; content_phone=&#8221;<\/p>\n<p>Le r\u00e8gne v\u00e9g\u00e9tal au c\u0153ur de la science<\/p>\n<p>&#8221; content_last_edited=&#8221;off|tablet&#8221; _builder_version=&#8221;4.27.4&#8243; _module_preset=&#8221;default&#8221; text_font=&#8221;&#8211;et_global_heading_font|||on|||||&#8221; text_text_color=&#8221;#195852&#8243; text_font_size=&#8221;30px&#8221; text_line_height=&#8221;1em&#8221; link_text_color=&#8221;#195852&#8243; text_orientation=&#8221;center&#8221; max_width=&#8221;550px&#8221; custom_margin=&#8221;||10px||false|false&#8221; custom_padding=&#8221;||||false|false&#8221; text_orientation_tablet=&#8221;left&#8221; text_orientation_phone=&#8221;center&#8221; text_orientation_last_edited=&#8221;on|phone&#8221; global_colors_info=&#8221;{}&#8221; link_text_color__hover=&#8221;#c6a992&#8243; link_text_color__hover_enabled=&#8221;on|desktop&#8221;]<a href=\"https:\/\/alpeorv2.aif-staging.com\/collection-ultitude\/\">ULTITUDE<\/a>[\/et_pb_text][et_pb_text _builder_version=&#8221;4.27.4&#8243; _module_preset=&#8221;default&#8221; text_font=&#8221;&#8211;et_global_body_font|||on|||||&#8221; text_text_color=&#8221;#2d2d2d&#8221; text_font_size=&#8221;17px&#8221; text_line_height=&#8221;1.6em&#8221; text_orientation=&#8221;center&#8221; text_orientation_tablet=&#8221;left&#8221; text_orientation_phone=&#8221;center&#8221; text_orientation_last_edited=&#8221;on|phone&#8221; global_colors_info=&#8221;{}&#8221;]CELLULAR<br \/>\nANTI-AGING CARE[\/et_pb_text][\/et_pb_column][et_pb_column type=&#8221;1_4&#8243; _builder_version=&#8221;4.27.4&#8243; _module_preset=&#8221;default&#8221; global_colors_info=&#8221;{}&#8221;][et_pb_text content_tablet=&#8221;<\/p>\n<p>Le r\u00e8gne v\u00e9g\u00e9tal au c\u0153ur de la science<\/p>\n<p>&#8221; content_phone=&#8221;<\/p>\n<p>Le r\u00e8gne v\u00e9g\u00e9tal au c\u0153ur de la science<\/p>\n<p>&#8221; content_last_edited=&#8221;off|tablet&#8221; _builder_version=&#8221;4.27.4&#8243; _module_preset=&#8221;default&#8221; text_font=&#8221;&#8211;et_global_heading_font|||on|||||&#8221; text_text_color=&#8221;#195852&#8243; text_font_size=&#8221;30px&#8221; text_line_height=&#8221;1em&#8221; link_text_color=&#8221;#195852&#8243; text_orientation=&#8221;center&#8221; max_width=&#8221;550px&#8221; custom_margin=&#8221;||10px||false|false&#8221; custom_padding=&#8221;||||false|false&#8221; text_orientation_tablet=&#8221;left&#8221; text_orientation_phone=&#8221;center&#8221; text_orientation_last_edited=&#8221;on|phone&#8221; global_colors_info=&#8221;{}&#8221; link_text_color__hover=&#8221;#c6a992&#8243; link_text_color__hover_enabled=&#8221;on|desktop&#8221;]<a href=\"https:\/\/alpeorv2.aif-staging.com\/collection-horizon\/\">Horizon<\/a>[\/et_pb_text][et_pb_text _builder_version=&#8221;4.27.4&#8243; _module_preset=&#8221;default&#8221; text_font=&#8221;&#8211;et_global_body_font|||on|||||&#8221; text_text_color=&#8221;#2d2d2d&#8221; text_font_size=&#8221;17px&#8221; text_line_height=&#8221;1.6em&#8221; text_orientation=&#8221;center&#8221; text_orientation_tablet=&#8221;left&#8221; text_orientation_phone=&#8221;center&#8221; text_orientation_last_edited=&#8221;on|phone&#8221; global_colors_info=&#8221;{}&#8221;]redensify &amp; restructure[\/et_pb_text][\/et_pb_column][et_pb_column type=&#8221;1_4&#8243; _builder_version=&#8221;4.27.4&#8243; _module_preset=&#8221;default&#8221; global_colors_info=&#8221;{}&#8221;][et_pb_text content_tablet=&#8221;<\/p>\n<p>Le r\u00e8gne v\u00e9g\u00e9tal au c\u0153ur de la science<\/p>\n<p>&#8221; content_phone=&#8221;<\/p>\n<p>Le r\u00e8gne v\u00e9g\u00e9tal au c\u0153ur de la science<\/p>\n<p>&#8221; content_last_edited=&#8221;off|tablet&#8221; _builder_version=&#8221;4.27.4&#8243; _module_preset=&#8221;default&#8221; text_font=&#8221;&#8211;et_global_heading_font|||on|||||&#8221; text_text_color=&#8221;#195852&#8243; text_font_size=&#8221;30px&#8221; text_line_height=&#8221;1em&#8221; link_text_color=&#8221;#195852&#8243; text_orientation=&#8221;center&#8221; max_width=&#8221;550px&#8221; custom_margin=&#8221;||10px||false|false&#8221; custom_padding=&#8221;||||false|false&#8221; text_orientation_tablet=&#8221;left&#8221; text_orientation_phone=&#8221;center&#8221; text_orientation_last_edited=&#8221;on|phone&#8221; global_colors_info=&#8221;{}&#8221; link_text_color__hover=&#8221;#c6a992&#8243; link_text_color__hover_enabled=&#8221;on|desktop&#8221;]<a href=\"https:\/\/alpeorv2.aif-staging.com\/collection-hydraswiss\/\">Hydraswiss<\/a>[\/et_pb_text][et_pb_text _builder_version=&#8221;4.27.4&#8243; _module_preset=&#8221;default&#8221; text_font=&#8221;&#8211;et_global_body_font||||||||&#8221; text_text_color=&#8221;#2d2d2d&#8221; text_font_size=&#8221;17px&#8221; text_line_height=&#8221;1.6em&#8221; text_orientation=&#8221;center&#8221; text_orientation_tablet=&#8221;left&#8221; text_orientation_phone=&#8221;center&#8221; text_orientation_last_edited=&#8221;on|phone&#8221; global_colors_info=&#8221;{}&#8221;]<\/p>\n<p>SOINS PURIFIANTS, \u00c9QUILIBRANTS &amp; HYDRATANTS<\/p>\n<p>[\/et_pb_text][\/et_pb_column][\/et_pb_row][\/et_pb_section]<\/p>","protected":false},"excerpt":{"rendered":"<p>Alpeor\u2019s Premium Body Care CollectionShop the collectionDISCOVER AN ANTI-AGING BODY COLLECTION DESIGNED TO PROVIDE LONG-LASTING HYDRATIONCOLLECTIONSBody skincare is just as important as facial skincare. The body suffers from the same exposure to environmental stressors and genetic aging and is prone to density loss, dryness, lacking elasticity and wrinkles. &nbsp;An anti-aging body collectionAlpeor\u2019s body skincare collection [&hellip;]<\/p>","protected":false},"author":1,"featured_media":0,"parent":0,"menu_order":0,"comment_status":"closed","ping_status":"closed","template":"","meta":{"_acf_changed":false,"_et_pb_use_builder":"on","_et_pb_old_content":"","_et_gb_content_width":"","footnotes":""},"class_list":["post-33242","page","type-page","status-publish","hentry"],"acf":[],"_links":{"self":[{"href":"https:\/\/alpeorv2.aif-staging.com\/fr\/wp-json\/wp\/v2\/pages\/33242","targetHints":{"allow":["GET"]}}],"collection":[{"href":"https:\/\/alpeorv2.aif-staging.com\/fr\/wp-json\/wp\/v2\/pages"}],"about":[{"href":"https:\/\/alpeorv2.aif-staging.com\/fr\/wp-json\/wp\/v2\/types\/page"}],"author":[{"embeddable":true,"href":"https:\/\/alpeorv2.aif-staging.com\/fr\/wp-json\/wp\/v2\/users\/1"}],"replies":[{"embeddable":true,"href":"https:\/\/alpeorv2.aif-staging.com\/fr\/wp-json\/wp\/v2\/comments?post=33242"}],"version-history":[{"count":27,"href":"https:\/\/alpeorv2.aif-staging.com\/fr\/wp-json\/wp\/v2\/pages\/33242\/revisions"}],"predecessor-version":[{"id":34010,"href":"https:\/\/alpeorv2.aif-staging.com\/fr\/wp-json\/wp\/v2\/pages\/33242\/revisions\/34010"}],"wp:attachment":[{"href":"https:\/\/alpeorv2.aif-staging.com\/fr\/wp-json\/wp\/v2\/media?parent=33242"}],"curies":[{"name":"wp","href":"https:\/\/api.w.org\/{rel}","templated":true}]}}