{"id":32731,"date":"2025-04-16T16:59:19","date_gmt":"2025-04-16T16:59:19","guid":{"rendered":"https:\/\/alpeorv2.aif-staging.com\/?post_type=product&#038;p=32731"},"modified":"2025-08-25T21:02:26","modified_gmt":"2025-08-25T21:02:26","slug":"gentle-cleansing-lotion","status":"publish","type":"product","link":"https:\/\/alpeorv2.aif-staging.com\/fr\/produit\/gentle-cleansing-lotion\/","title":{"rendered":"Gentle Cleansing Lotion"},"content":{"rendered":"<p>Enveloppant la peau de douceur, la Lotion D\u00e9maquillante \u00e9limine le maquillage en douceur tout en pr\u00e9servant le film \t\thydrolipidique des peaux les plus d\u00e9licates. Enrichi en pr\u00e9cieux beurre de Karit\u00e9 et d'eaux florales de Bleuet et d'Hamam\u00e9lis, ce geste quotidien devient le rituel indispensable. Lib\u00e9r\u00e9e de ses impuret\u00e9s, la peau r\u00e9v\u00e8le un teint \u00e9clatant et une souplesse incomparable.<\/p>","protected":false},"excerpt":{"rendered":"<p>Enveloping the skin in softness, Gentle Cleansing Lotion removes make-up while preserving the hydrolipidic film, even on the most sensitive skins. It is enriched with precious Shea butter and Witch Hazel and Cornflower water, making it an essential part of any daily routine. Impurities are removed and skin is left feeling incredibly supple and glowing [&hellip;]<\/p>","protected":false},"featured_media":34175,"template":"","meta":{"_acf_changed":false,"_et_pb_use_builder":"","_et_pb_old_content":"","_et_gb_content_width":""},"product_brand":[],"product_cat":[40,60],"product_tag":[],"class_list":{"0":"post-32731","1":"product","2":"type-product","3":"status-publish","4":"has-post-thumbnail","6":"product_cat-hydraswiss","7":"product_cat-collections","9":"first","10":"instock","11":"shipping-taxable","12":"purchasable","13":"product-type-simple"},"acf":[],"_links":{"self":[{"href":"https:\/\/alpeorv2.aif-staging.com\/fr\/wp-json\/wp\/v2\/product\/32731","targetHints":{"allow":["GET"]}}],"collection":[{"href":"https:\/\/alpeorv2.aif-staging.com\/fr\/wp-json\/wp\/v2\/product"}],"about":[{"href":"https:\/\/alpeorv2.aif-staging.com\/fr\/wp-json\/wp\/v2\/types\/product"}],"wp:featuredmedia":[{"embeddable":true,"href":"https:\/\/alpeorv2.aif-staging.com\/fr\/wp-json\/wp\/v2\/media\/34175"}],"wp:attachment":[{"href":"https:\/\/alpeorv2.aif-staging.com\/fr\/wp-json\/wp\/v2\/media?parent=32731"}],"wp:term":[{"taxonomy":"product_brand","embeddable":true,"href":"https:\/\/alpeorv2.aif-staging.com\/fr\/wp-json\/wp\/v2\/product_brand?post=32731"},{"taxonomy":"product_cat","embeddable":true,"href":"https:\/\/alpeorv2.aif-staging.com\/fr\/wp-json\/wp\/v2\/product_cat?post=32731"},{"taxonomy":"product_tag","embeddable":true,"href":"https:\/\/alpeorv2.aif-staging.com\/fr\/wp-json\/wp\/v2\/product_tag?post=32731"}],"curies":[{"name":"wp","href":"https:\/\/api.w.org\/{rel}","templated":true}]}}