{"id":32734,"date":"2025-04-16T17:36:39","date_gmt":"2025-04-16T17:36:39","guid":{"rendered":"https:\/\/alpeorv2.aif-staging.com\/?post_type=product&#038;p=32734"},"modified":"2025-08-25T21:01:58","modified_gmt":"2025-08-25T21:01:58","slug":"foaming-cleanser","status":"publish","type":"product","link":"https:\/\/alpeorv2.aif-staging.com\/fr\/produit\/foaming-cleanser\/","title":{"rendered":"Foaming Cleanser"},"content":{"rendered":"<p>Compl\u00e9ment id\u00e9al au d\u00e9maquillage, la Mousse de Neige est formul\u00e9e avec des tensioactifs naturels respectueux de l'\u00e9quilibre de la peau. La texture mousse a\u00e9rienne \u00e9limine efficacement les impuret\u00e9s, les r\u00e9sidus de maquillage, la pollution et le s\u00e9bum sans la moindre sensation d'ass\u00e8chement. Enrichi d'un m\u00e9lange d\u2019eau florale de Menthe poivr\u00e9e et d'extrait de Petit Houx, ce soin contribue \u00e0 pr\u00e9server une peau plus nette et plus belle.<\/p>","protected":false},"excerpt":{"rendered":"<p>The perfect partner to a make-up remover, Foaming Cleanser is formulated with natural surfactants that respect the skin\u2019s natural balance. The lightweight, foam texture effectively eliminates impurities, make-up residue, pollution and sebum without even a hint of drying out the skin. It is enriched with a blend of Peppermint water and Ruscus extract and helps [&hellip;]<\/p>","protected":false},"featured_media":34174,"template":"","meta":{"_acf_changed":false,"_et_pb_use_builder":"","_et_pb_old_content":"","_et_gb_content_width":""},"product_brand":[],"product_cat":[60,40],"product_tag":[],"class_list":{"0":"post-32734","1":"product","2":"type-product","3":"status-publish","4":"has-post-thumbnail","6":"product_cat-collections","7":"product_cat-hydraswiss","9":"first","10":"instock","11":"shipping-taxable","12":"purchasable","13":"product-type-simple"},"acf":[],"_links":{"self":[{"href":"https:\/\/alpeorv2.aif-staging.com\/fr\/wp-json\/wp\/v2\/product\/32734","targetHints":{"allow":["GET"]}}],"collection":[{"href":"https:\/\/alpeorv2.aif-staging.com\/fr\/wp-json\/wp\/v2\/product"}],"about":[{"href":"https:\/\/alpeorv2.aif-staging.com\/fr\/wp-json\/wp\/v2\/types\/product"}],"wp:featuredmedia":[{"embeddable":true,"href":"https:\/\/alpeorv2.aif-staging.com\/fr\/wp-json\/wp\/v2\/media\/34174"}],"wp:attachment":[{"href":"https:\/\/alpeorv2.aif-staging.com\/fr\/wp-json\/wp\/v2\/media?parent=32734"}],"wp:term":[{"taxonomy":"product_brand","embeddable":true,"href":"https:\/\/alpeorv2.aif-staging.com\/fr\/wp-json\/wp\/v2\/product_brand?post=32734"},{"taxonomy":"product_cat","embeddable":true,"href":"https:\/\/alpeorv2.aif-staging.com\/fr\/wp-json\/wp\/v2\/product_cat?post=32734"},{"taxonomy":"product_tag","embeddable":true,"href":"https:\/\/alpeorv2.aif-staging.com\/fr\/wp-json\/wp\/v2\/product_tag?post=32734"}],"curies":[{"name":"wp","href":"https:\/\/api.w.org\/{rel}","templated":true}]}}