{"id":32811,"date":"2025-04-22T12:07:47","date_gmt":"2025-04-22T12:07:47","guid":{"rendered":"https:\/\/alpeorv2.aif-staging.com\/?post_type=product&#038;p=32811"},"modified":"2025-08-25T20:32:02","modified_gmt":"2025-08-25T20:32:02","slug":"gentle-facial-scrub","status":"publish","type":"product","link":"https:\/\/alpeorv2.aif-staging.com\/fr\/produit\/gentle-facial-scrub\/","title":{"rendered":"Gentle Facial Scrub"},"content":{"rendered":"<p>Sa formule ultra-douce d\u00e9sincruste les pores et favorise le renouvellement cellulaire en un seul geste gr\u00e2ce \u00e0 l\u2019action d\u00e9licate de ses microsph\u00e8res v\u00e9g\u00e9tales. Sa texture gel est id\u00e9ale pour tous les types de peaux. Le grain de peau est visiblement affin\u00e9, les pores sont resserr\u00e9s et le teint est lumineux.<\/p>","protected":false},"excerpt":{"rendered":"<p>Sa formule ultra-douce d\u00e9sincruste les pores et favorise le renouvellement cellulaire en un seul geste gr\u00e2ce \u00e0 l\u2019action d\u00e9licate de ses microsph\u00e8res v\u00e9g\u00e9tales. Sa texture gel est id\u00e9ale pour tous les types de peaux. Le grain de peau est visiblement affin\u00e9, les pores sont resserr\u00e9s et le teint est lumineux.<\/p>","protected":false},"featured_media":34161,"template":"","meta":{"_acf_changed":false,"_et_pb_use_builder":"","_et_pb_old_content":"","_et_gb_content_width":""},"product_brand":[],"product_cat":[60,40],"product_tag":[],"class_list":{"0":"post-32811","1":"product","2":"type-product","3":"status-publish","4":"has-post-thumbnail","6":"product_cat-collections","7":"product_cat-hydraswiss","9":"first","10":"instock","11":"shipping-taxable","12":"purchasable","13":"product-type-simple"},"acf":[],"_links":{"self":[{"href":"https:\/\/alpeorv2.aif-staging.com\/fr\/wp-json\/wp\/v2\/product\/32811","targetHints":{"allow":["GET"]}}],"collection":[{"href":"https:\/\/alpeorv2.aif-staging.com\/fr\/wp-json\/wp\/v2\/product"}],"about":[{"href":"https:\/\/alpeorv2.aif-staging.com\/fr\/wp-json\/wp\/v2\/types\/product"}],"wp:featuredmedia":[{"embeddable":true,"href":"https:\/\/alpeorv2.aif-staging.com\/fr\/wp-json\/wp\/v2\/media\/34161"}],"wp:attachment":[{"href":"https:\/\/alpeorv2.aif-staging.com\/fr\/wp-json\/wp\/v2\/media?parent=32811"}],"wp:term":[{"taxonomy":"product_brand","embeddable":true,"href":"https:\/\/alpeorv2.aif-staging.com\/fr\/wp-json\/wp\/v2\/product_brand?post=32811"},{"taxonomy":"product_cat","embeddable":true,"href":"https:\/\/alpeorv2.aif-staging.com\/fr\/wp-json\/wp\/v2\/product_cat?post=32811"},{"taxonomy":"product_tag","embeddable":true,"href":"https:\/\/alpeorv2.aif-staging.com\/fr\/wp-json\/wp\/v2\/product_tag?post=32811"}],"curies":[{"name":"wp","href":"https:\/\/api.w.org\/{rel}","templated":true}]}}