{"id":32813,"date":"2025-04-22T12:10:57","date_gmt":"2025-04-22T12:10:57","guid":{"rendered":"https:\/\/alpeorv2.aif-staging.com\/?post_type=product&#038;p=32813"},"modified":"2025-08-25T20:30:18","modified_gmt":"2025-08-25T20:30:18","slug":"rescue-mask","status":"publish","type":"product","link":"https:\/\/alpeorv2.aif-staging.com\/fr\/produit\/rescue-mask\/","title":{"rendered":"Rescue Mask"},"content":{"rendered":"<p>Ce masque cr\u00e9meux r\u00e9v\u00e9lateur d'\u00e9clat des peaux mixtes \u00e0 grasses \u00e0 la texture ultra-absorbante et non dess\u00e9chante purifie la peau et resserre les pores en seulement 10 minutes. L\u2019Argile blanche absorbe le s\u00e9bum et la pollution, L\u2019huile de s\u00e9same adoucit et revitalise les peaux fatigu\u00e9es. D\u00e9barrass\u00e9e des impuret\u00e9s, la peau respire. Elle est nette, fra\u00eeche et \u00e9clatante de vitalit\u00e9.<\/p>","protected":false},"excerpt":{"rendered":"<p>Ce masque cr\u00e9meux r\u00e9v\u00e9lateur d'\u00e9clat des peaux mixtes \u00e0 grasses \u00e0 la texture ultra-absorbante et non dess\u00e9chante purifie la peau et resserre les pores en seulement 10 minutes. L\u2019Argile blanche absorbe le s\u00e9bum et la pollution, L\u2019huile de s\u00e9same adoucit et revitalise les peaux fatigu\u00e9es. D\u00e9barrass\u00e9e des impuret\u00e9s, la peau respire. Elle est nette, fra\u00eeche et \u00e9clatante de vitalit\u00e9.<\/p>","protected":false},"featured_media":34160,"template":"","meta":{"_acf_changed":false,"_et_pb_use_builder":"","_et_pb_old_content":"","_et_gb_content_width":""},"product_brand":[],"product_cat":[60,40],"product_tag":[],"class_list":{"0":"post-32813","1":"product","2":"type-product","3":"status-publish","4":"has-post-thumbnail","6":"product_cat-collections","7":"product_cat-hydraswiss","9":"first","10":"instock","11":"shipping-taxable","12":"purchasable","13":"product-type-simple"},"acf":[],"_links":{"self":[{"href":"https:\/\/alpeorv2.aif-staging.com\/fr\/wp-json\/wp\/v2\/product\/32813","targetHints":{"allow":["GET"]}}],"collection":[{"href":"https:\/\/alpeorv2.aif-staging.com\/fr\/wp-json\/wp\/v2\/product"}],"about":[{"href":"https:\/\/alpeorv2.aif-staging.com\/fr\/wp-json\/wp\/v2\/types\/product"}],"wp:featuredmedia":[{"embeddable":true,"href":"https:\/\/alpeorv2.aif-staging.com\/fr\/wp-json\/wp\/v2\/media\/34160"}],"wp:attachment":[{"href":"https:\/\/alpeorv2.aif-staging.com\/fr\/wp-json\/wp\/v2\/media?parent=32813"}],"wp:term":[{"taxonomy":"product_brand","embeddable":true,"href":"https:\/\/alpeorv2.aif-staging.com\/fr\/wp-json\/wp\/v2\/product_brand?post=32813"},{"taxonomy":"product_cat","embeddable":true,"href":"https:\/\/alpeorv2.aif-staging.com\/fr\/wp-json\/wp\/v2\/product_cat?post=32813"},{"taxonomy":"product_tag","embeddable":true,"href":"https:\/\/alpeorv2.aif-staging.com\/fr\/wp-json\/wp\/v2\/product_tag?post=32813"}],"curies":[{"name":"wp","href":"https:\/\/api.w.org\/{rel}","templated":true}]}}