{"id":32815,"date":"2025-04-22T12:13:23","date_gmt":"2025-04-22T12:13:23","guid":{"rendered":"https:\/\/alpeorv2.aif-staging.com\/?post_type=product&#038;p=32815"},"modified":"2025-08-25T20:29:32","modified_gmt":"2025-08-25T20:29:32","slug":"harmony-fluid","status":"publish","type":"product","link":"https:\/\/alpeorv2.aif-staging.com\/fr\/produit\/harmony-fluid\/","title":{"rendered":"Harmony Fluid"},"content":{"rendered":"<p>Sp\u00e9cialement con\u00e7u pour les peaux mixtes \u00e0 grasses, le soin Voile Harmonie offre une formule unique, au pH proche de celui de la peau, pour une triple action:<br \/>\n1. PURIFIANTE,  favorise un microbiome \u00e9quilibr\u00e9 et stimule le syst\u00e8me de d\u00e9fenses naturelles de la peau.<br \/>\n2. HYDRATES, for all-day comfort.<br \/>\n3. MATTIFIES, instant and long-lasting regulating effect. This cutting-edge formula is rich in Willowherb and Orange extract to re-balance the epidermis, restoring the integrity of the skin\u2019s barrier while maintaining ideal hydration levels throughout the day. Skin is rebalanced, visibly clearer, well moisturized and radiant.<\/p>","protected":false},"excerpt":{"rendered":"<p>Specifically created for oily to combination skin, Harmony Fluid offers a unique formula, close the skin\u2019s natural pH, for a triple action: 1. PURIFIES, promotes a balanced microbiome and stimulates skin\u2019s natural defense mechanisms. 2. HYDRATES, for all-day comfort. 3. MATTIFIES, instant and long-lasting regulating effect. This cutting-edge formula is rich in Willowherb and Orange [&hellip;]<\/p>","protected":false},"featured_media":34159,"template":"","meta":{"_acf_changed":false,"_et_pb_use_builder":"","_et_pb_old_content":"","_et_gb_content_width":""},"product_brand":[],"product_cat":[60,40],"product_tag":[],"class_list":{"0":"post-32815","1":"product","2":"type-product","3":"status-publish","4":"has-post-thumbnail","6":"product_cat-collections","7":"product_cat-hydraswiss","9":"first","10":"instock","11":"shipping-taxable","12":"purchasable","13":"product-type-simple"},"acf":[],"_links":{"self":[{"href":"https:\/\/alpeorv2.aif-staging.com\/fr\/wp-json\/wp\/v2\/product\/32815","targetHints":{"allow":["GET"]}}],"collection":[{"href":"https:\/\/alpeorv2.aif-staging.com\/fr\/wp-json\/wp\/v2\/product"}],"about":[{"href":"https:\/\/alpeorv2.aif-staging.com\/fr\/wp-json\/wp\/v2\/types\/product"}],"wp:featuredmedia":[{"embeddable":true,"href":"https:\/\/alpeorv2.aif-staging.com\/fr\/wp-json\/wp\/v2\/media\/34159"}],"wp:attachment":[{"href":"https:\/\/alpeorv2.aif-staging.com\/fr\/wp-json\/wp\/v2\/media?parent=32815"}],"wp:term":[{"taxonomy":"product_brand","embeddable":true,"href":"https:\/\/alpeorv2.aif-staging.com\/fr\/wp-json\/wp\/v2\/product_brand?post=32815"},{"taxonomy":"product_cat","embeddable":true,"href":"https:\/\/alpeorv2.aif-staging.com\/fr\/wp-json\/wp\/v2\/product_cat?post=32815"},{"taxonomy":"product_tag","embeddable":true,"href":"https:\/\/alpeorv2.aif-staging.com\/fr\/wp-json\/wp\/v2\/product_tag?post=32815"}],"curies":[{"name":"wp","href":"https:\/\/api.w.org\/{rel}","templated":true}]}}