{"id":32819,"date":"2025-04-22T12:16:20","date_gmt":"2025-04-22T12:16:20","guid":{"rendered":"https:\/\/alpeorv2.aif-staging.com\/?post_type=product&#038;p=32819"},"modified":"2025-08-25T20:28:07","modified_gmt":"2025-08-25T20:28:07","slug":"splendour-cream","status":"publish","type":"product","link":"https:\/\/alpeorv2.aif-staging.com\/fr\/produit\/splendour-cream\/","title":{"rendered":"Cr\u00e8me Pr\u00e9cieuse"},"content":{"rendered":"<p>Ce soin cible les peaux s\u00e8ches qui r\u00e9clament \u00e0 la fois nutrition intense et hydratation. Agit \u00e0 4 niveaux pour restaurer l'\u00e9quilibre hydrique naturel de la peau et relancer les m\u00e9canismes d'hydratation.<br \/>\nAn exclusive blend of botanical active ingredients, Masterwort, Mallow and Edelweiss protect and strengthen the cutaneous barrier.<br \/>\nEn seulement une heure, l'hydratation de la peau est augment\u00e9e de 85%. Jour apr\u00e8s jour, la peau est revitalis\u00e9e. Elle retrouve \u00e9clat, confort et hydratation.<\/p>","protected":false},"excerpt":{"rendered":"<p>This skincare cream targets dry skin in need of intense nutrition and hydration. Works on four levels to restore skin\u2019s natural hydration levels and re-start its hydration mechanisms. An exclusive blend of botanical active ingredients, Masterwort, Mallow and Edelweiss protect and strengthen the cutaneous barrier. In just one hour, skin hydration is increased by 85%. [&hellip;]<\/p>","protected":false},"featured_media":34158,"template":"","meta":{"_acf_changed":false,"_et_pb_use_builder":"","_et_pb_old_content":"","_et_gb_content_width":""},"product_brand":[],"product_cat":[60,40],"product_tag":[],"class_list":{"0":"post-32819","1":"product","2":"type-product","3":"status-publish","4":"has-post-thumbnail","6":"product_cat-collections","7":"product_cat-hydraswiss","9":"first","10":"instock","11":"shipping-taxable","12":"purchasable","13":"product-type-simple"},"acf":[],"_links":{"self":[{"href":"https:\/\/alpeorv2.aif-staging.com\/fr\/wp-json\/wp\/v2\/product\/32819","targetHints":{"allow":["GET"]}}],"collection":[{"href":"https:\/\/alpeorv2.aif-staging.com\/fr\/wp-json\/wp\/v2\/product"}],"about":[{"href":"https:\/\/alpeorv2.aif-staging.com\/fr\/wp-json\/wp\/v2\/types\/product"}],"wp:featuredmedia":[{"embeddable":true,"href":"https:\/\/alpeorv2.aif-staging.com\/fr\/wp-json\/wp\/v2\/media\/34158"}],"wp:attachment":[{"href":"https:\/\/alpeorv2.aif-staging.com\/fr\/wp-json\/wp\/v2\/media?parent=32819"}],"wp:term":[{"taxonomy":"product_brand","embeddable":true,"href":"https:\/\/alpeorv2.aif-staging.com\/fr\/wp-json\/wp\/v2\/product_brand?post=32819"},{"taxonomy":"product_cat","embeddable":true,"href":"https:\/\/alpeorv2.aif-staging.com\/fr\/wp-json\/wp\/v2\/product_cat?post=32819"},{"taxonomy":"product_tag","embeddable":true,"href":"https:\/\/alpeorv2.aif-staging.com\/fr\/wp-json\/wp\/v2\/product_tag?post=32819"}],"curies":[{"name":"wp","href":"https:\/\/api.w.org\/{rel}","templated":true}]}}