{"id":32821,"date":"2025-04-22T12:20:19","date_gmt":"2025-04-22T12:20:19","guid":{"rendered":"https:\/\/alpeorv2.aif-staging.com\/?post_type=product&#038;p=32821"},"modified":"2025-08-25T20:26:16","modified_gmt":"2025-08-25T20:26:16","slug":"travel-with-alpeor","status":"publish","type":"product","link":"https:\/\/alpeorv2.aif-staging.com\/fr\/produit\/travel-with-alpeor\/","title":{"rendered":"Voyager avec ALPEOR"},"content":{"rendered":"<p>Retrouvez vos trois soins essentiels dans un set de voyage pratique &amp; offrez \u00e0 votre peau un programme nettoyant et pr\u00e9parateur en trois \u00e9tapes:<br \/>\n1. La  Lotion D\u00e9maquillante \u00e9limine le maquillage en douceur tout en pr\u00e9servant le film hydrolipidique des peaux les plus d\u00e9licates.<br \/>\n2. La Mousse de Neige \u00e9limine efficacement les impuret\u00e9s, les derniers r\u00e9sidus de maquillage, la pollution et le s\u00e9bum sans la moindre sensation d'ass\u00e8chement.<br \/>\n3. Le Tonique aux Fleurs conclut ce rituel de beaut\u00e9. Sa texture soyeuse \u201cserum-like\u201d hydrate et revitalise l\u2019\u00e9piderme offrant une sensation de confort in\u00e9dite.<br \/>\nVotre peau est parfaitement apais\u00e9e, purifi\u00e9e et tonifi\u00e9e, pr\u00eate \u00e0 recevoir le programme de soins Alpeor \u00e0 suivre.<\/p>","protected":false},"excerpt":{"rendered":"<p>Three essential skincare products in a practical travel set: give your skin the gift of a three-step cleansing and preparing routine: 1. Gentle Cleansing Lotion gently removes make-up while preserving the hydrolipidic film, even on the most delicate skins. 2. Foaming Cleanser effectively eliminates impurities, make-up residue, pollution and sebum without drying out the skin. [&hellip;]<\/p>","protected":false},"featured_media":34157,"template":"","meta":{"_acf_changed":false,"_et_pb_use_builder":"","_et_pb_old_content":"","_et_gb_content_width":""},"product_brand":[],"product_cat":[60,40],"product_tag":[],"class_list":{"0":"post-32821","1":"product","2":"type-product","3":"status-publish","4":"has-post-thumbnail","6":"product_cat-collections","7":"product_cat-hydraswiss","9":"first","10":"instock","11":"shipping-taxable","12":"purchasable","13":"product-type-simple"},"acf":[],"_links":{"self":[{"href":"https:\/\/alpeorv2.aif-staging.com\/fr\/wp-json\/wp\/v2\/product\/32821","targetHints":{"allow":["GET"]}}],"collection":[{"href":"https:\/\/alpeorv2.aif-staging.com\/fr\/wp-json\/wp\/v2\/product"}],"about":[{"href":"https:\/\/alpeorv2.aif-staging.com\/fr\/wp-json\/wp\/v2\/types\/product"}],"wp:featuredmedia":[{"embeddable":true,"href":"https:\/\/alpeorv2.aif-staging.com\/fr\/wp-json\/wp\/v2\/media\/34157"}],"wp:attachment":[{"href":"https:\/\/alpeorv2.aif-staging.com\/fr\/wp-json\/wp\/v2\/media?parent=32821"}],"wp:term":[{"taxonomy":"product_brand","embeddable":true,"href":"https:\/\/alpeorv2.aif-staging.com\/fr\/wp-json\/wp\/v2\/product_brand?post=32821"},{"taxonomy":"product_cat","embeddable":true,"href":"https:\/\/alpeorv2.aif-staging.com\/fr\/wp-json\/wp\/v2\/product_cat?post=32821"},{"taxonomy":"product_tag","embeddable":true,"href":"https:\/\/alpeorv2.aif-staging.com\/fr\/wp-json\/wp\/v2\/product_tag?post=32821"}],"curies":[{"name":"wp","href":"https:\/\/api.w.org\/{rel}","templated":true}]}}