{"id":32823,"date":"2025-04-22T09:51:43","date_gmt":"2025-04-22T09:51:43","guid":{"rendered":"https:\/\/alpeorv2.aif-staging.com\/?post_type=product&#038;p=32823"},"modified":"2025-08-25T20:40:44","modified_gmt":"2025-08-25T20:40:44","slug":"or-des-alpes","status":"publish","type":"product","link":"https:\/\/alpeorv2.aif-staging.com\/fr\/produit\/or-des-alpes\/","title":{"rendered":"Or des Alpes"},"content":{"rendered":"<p>V\u00e9ritable tr\u00e9sor v\u00e9g\u00e9tal, ce soin biotechnologique de pointe ralentit le processus de formation des rides. Sa formule exclusive aux puissants extraits de Rhodiola rosea r\u00e9veille la prot\u00e9ine de jeunesse FOXO associ\u00e9e \u00e0 un cocktail de 7 huiles v\u00e9g\u00e9tales 100% naturelles sp\u00e9cifiquement s\u00e9lectionn\u00e9es pour agir au c\u0153ur de la peau. Jour apr\u00e8s jour, comme combl\u00e9e de l\u2019int\u00e9rieur, la peau est repulp\u00e9e, le relief cutan\u00e9 est corrig\u00e9, l\u2019apparition de nouvelles rides et ridules est ralenti Au toucher, la peau se m\u00e9tamorphose et offre une qualit\u00e9 exceptionnelle. Sa texture huile s\u00e8che fusionne instantan\u00e9ment avec la peau.<\/p>","protected":false},"excerpt":{"rendered":"<p>A true botanical gem, this innovative, biotechnological serum prevents the premature onset of wrinkles. Its exclusive formula contains powerful Rhodiola rosea extract, which awakens the youth protein FOXO, combined with a blend of seven, 100% natural botanical oils specifically selected to act at the skin\u2019s core. Day after day, as if being rebuilt from within, [&hellip;]<\/p>","protected":false},"featured_media":34169,"template":"","meta":{"_acf_changed":false,"_et_pb_use_builder":"","_et_pb_old_content":"","_et_gb_content_width":""},"product_brand":[],"product_cat":[60,59],"product_tag":[],"class_list":{"0":"post-32823","1":"product","2":"type-product","3":"status-publish","4":"has-post-thumbnail","6":"product_cat-collections","7":"product_cat-horizon","9":"first","10":"instock","11":"shipping-taxable","12":"purchasable","13":"product-type-simple"},"acf":[],"_links":{"self":[{"href":"https:\/\/alpeorv2.aif-staging.com\/fr\/wp-json\/wp\/v2\/product\/32823","targetHints":{"allow":["GET"]}}],"collection":[{"href":"https:\/\/alpeorv2.aif-staging.com\/fr\/wp-json\/wp\/v2\/product"}],"about":[{"href":"https:\/\/alpeorv2.aif-staging.com\/fr\/wp-json\/wp\/v2\/types\/product"}],"wp:featuredmedia":[{"embeddable":true,"href":"https:\/\/alpeorv2.aif-staging.com\/fr\/wp-json\/wp\/v2\/media\/34169"}],"wp:attachment":[{"href":"https:\/\/alpeorv2.aif-staging.com\/fr\/wp-json\/wp\/v2\/media?parent=32823"}],"wp:term":[{"taxonomy":"product_brand","embeddable":true,"href":"https:\/\/alpeorv2.aif-staging.com\/fr\/wp-json\/wp\/v2\/product_brand?post=32823"},{"taxonomy":"product_cat","embeddable":true,"href":"https:\/\/alpeorv2.aif-staging.com\/fr\/wp-json\/wp\/v2\/product_cat?post=32823"},{"taxonomy":"product_tag","embeddable":true,"href":"https:\/\/alpeorv2.aif-staging.com\/fr\/wp-json\/wp\/v2\/product_tag?post=32823"}],"curies":[{"name":"wp","href":"https:\/\/api.w.org\/{rel}","templated":true}]}}