{"id":32828,"date":"2025-04-22T09:48:52","date_gmt":"2025-04-22T09:48:52","guid":{"rendered":"https:\/\/alpeorv2.aif-staging.com\/?post_type=product&#038;p=32828"},"modified":"2025-08-25T20:41:50","modified_gmt":"2025-08-25T20:41:50","slug":"youth-activator-serum","status":"publish","type":"product","link":"https:\/\/alpeorv2.aif-staging.com\/fr\/produit\/youth-activator-serum\/","title":{"rendered":"Youth Activator Serum"},"content":{"rendered":"<p>Ce s\u00e9rum regorge d'actifs pr\u00e9cieux qui agissent en profondeur pour restaurer la fermet\u00e9 de la peau et lisser sa surface. Les extraits de p\u00e9pins de Pomme et de Rose qui le composent activent la matrice extracellulaire pour combler les rides et maintiennent le niveau optimal d\u2019acide hyaluronique pour une hydratation id\u00e9ale. La peau est liss\u00e9e et retrouve son \u00e9lasticit\u00e9 \u00e0 chaque application.<\/p>","protected":false},"excerpt":{"rendered":"<p>Ce s\u00e9rum regorge d'actifs pr\u00e9cieux qui agissent en profondeur pour restaurer la fermet\u00e9 de la peau et lisser sa surface. Les extraits de p\u00e9pins de Pomme et de Rose qui le composent activent la matrice extracellulaire pour combler les rides et maintiennent le niveau optimal d\u2019acide hyaluronique pour une hydratation id\u00e9ale. La peau est liss\u00e9e et retrouve son \u00e9lasticit\u00e9 \u00e0 chaque application.<\/p>","protected":false},"featured_media":34170,"template":"","meta":{"_acf_changed":false,"_et_pb_use_builder":"","_et_pb_old_content":"","_et_gb_content_width":""},"product_brand":[],"product_cat":[60,59],"product_tag":[],"class_list":{"0":"post-32828","1":"product","2":"type-product","3":"status-publish","4":"has-post-thumbnail","6":"product_cat-collections","7":"product_cat-horizon","9":"first","10":"instock","11":"shipping-taxable","12":"purchasable","13":"product-type-simple"},"acf":[],"_links":{"self":[{"href":"https:\/\/alpeorv2.aif-staging.com\/fr\/wp-json\/wp\/v2\/product\/32828","targetHints":{"allow":["GET"]}}],"collection":[{"href":"https:\/\/alpeorv2.aif-staging.com\/fr\/wp-json\/wp\/v2\/product"}],"about":[{"href":"https:\/\/alpeorv2.aif-staging.com\/fr\/wp-json\/wp\/v2\/types\/product"}],"wp:featuredmedia":[{"embeddable":true,"href":"https:\/\/alpeorv2.aif-staging.com\/fr\/wp-json\/wp\/v2\/media\/34170"}],"wp:attachment":[{"href":"https:\/\/alpeorv2.aif-staging.com\/fr\/wp-json\/wp\/v2\/media?parent=32828"}],"wp:term":[{"taxonomy":"product_brand","embeddable":true,"href":"https:\/\/alpeorv2.aif-staging.com\/fr\/wp-json\/wp\/v2\/product_brand?post=32828"},{"taxonomy":"product_cat","embeddable":true,"href":"https:\/\/alpeorv2.aif-staging.com\/fr\/wp-json\/wp\/v2\/product_cat?post=32828"},{"taxonomy":"product_tag","embeddable":true,"href":"https:\/\/alpeorv2.aif-staging.com\/fr\/wp-json\/wp\/v2\/product_tag?post=32828"}],"curies":[{"name":"wp","href":"https:\/\/api.w.org\/{rel}","templated":true}]}}