{"id":32838,"date":"2025-04-22T11:54:28","date_gmt":"2025-04-22T11:54:28","guid":{"rendered":"https:\/\/alpeorv2.aif-staging.com\/?post_type=product&#038;p=32838"},"modified":"2025-08-25T20:35:35","modified_gmt":"2025-08-25T20:35:35","slug":"youth-enhancement-cream","status":"publish","type":"product","link":"https:\/\/alpeorv2.aif-staging.com\/fr\/produit\/youth-enhancement-cream\/","title":{"rendered":"Cr\u00e8me des C\u00eemes"},"content":{"rendered":"<p>Cette cr\u00e8me onctueuse renferme une combinaison d'ingr\u00e9dients actifs qui pr\u00e9viennent les signes de l\u2019\u00e2ge. Les extraits d'Edelweiss et de p\u00e9pins de Pomme s'allient pour mener des actions conjointes contre les effets du temps.<br \/>\nGr\u00e2ce \u00e0 sa technologie de micro\u2011maillage, l\u2019extrait de Sub\u00e9rine apporte un effet tenseur sur le r\u00e9seau de collag\u00e8ne au c\u0153ur de la peau. Lift\u00e9e instantan\u00e9ment, la peau est visiblement plus ferme et plus radieuse d\u00e8s la premi\u00e8re application.<br \/>\nSa texture fondante est instantan\u00e9ment absorb\u00e9e.<\/p>","protected":false},"excerpt":{"rendered":"<p>This indulgent cream contains a blend of active ingredients to prevent signs of aging. Edelweiss and Apple seed extract combine to hold back the sands of time. Suberin extract\u2019s micro-mesh technology has a tensing effect on the skin\u2019s collagen network. Skin is instantly lifted, visibly more firm and radiant from the first application. Its melting [&hellip;]<\/p>","protected":false},"featured_media":34165,"template":"","meta":{"_acf_changed":false,"_et_pb_use_builder":"","_et_pb_old_content":"","_et_gb_content_width":""},"product_brand":[],"product_cat":[60,59],"product_tag":[],"class_list":{"0":"post-32838","1":"product","2":"type-product","3":"status-publish","4":"has-post-thumbnail","6":"product_cat-collections","7":"product_cat-horizon","9":"first","10":"instock","11":"shipping-taxable","12":"purchasable","13":"product-type-simple"},"acf":[],"_links":{"self":[{"href":"https:\/\/alpeorv2.aif-staging.com\/fr\/wp-json\/wp\/v2\/product\/32838","targetHints":{"allow":["GET"]}}],"collection":[{"href":"https:\/\/alpeorv2.aif-staging.com\/fr\/wp-json\/wp\/v2\/product"}],"about":[{"href":"https:\/\/alpeorv2.aif-staging.com\/fr\/wp-json\/wp\/v2\/types\/product"}],"wp:featuredmedia":[{"embeddable":true,"href":"https:\/\/alpeorv2.aif-staging.com\/fr\/wp-json\/wp\/v2\/media\/34165"}],"wp:attachment":[{"href":"https:\/\/alpeorv2.aif-staging.com\/fr\/wp-json\/wp\/v2\/media?parent=32838"}],"wp:term":[{"taxonomy":"product_brand","embeddable":true,"href":"https:\/\/alpeorv2.aif-staging.com\/fr\/wp-json\/wp\/v2\/product_brand?post=32838"},{"taxonomy":"product_cat","embeddable":true,"href":"https:\/\/alpeorv2.aif-staging.com\/fr\/wp-json\/wp\/v2\/product_cat?post=32838"},{"taxonomy":"product_tag","embeddable":true,"href":"https:\/\/alpeorv2.aif-staging.com\/fr\/wp-json\/wp\/v2\/product_tag?post=32838"}],"curies":[{"name":"wp","href":"https:\/\/api.w.org\/{rel}","templated":true}]}}