{"id":32849,"date":"2025-04-22T11:59:05","date_gmt":"2025-04-22T11:59:05","guid":{"rendered":"https:\/\/alpeorv2.aif-staging.com\/?post_type=product&#038;p=32849"},"modified":"2025-08-25T20:34:26","modified_gmt":"2025-08-25T20:34:26","slug":"youth-enhancement-mask","status":"publish","type":"product","link":"https:\/\/alpeorv2.aif-staging.com\/fr\/produit\/youth-enhancement-mask\/","title":{"rendered":"Masque Jeunesse"},"content":{"rendered":"<p>Ce masque onctueux \u00e0 la texture gel-cr\u00e8me offre un \"instant jeunesse\" \u00e0 la peau. Agissant \u00e0 la fois au niveau de l\u2019\u00e9piderme et du derme gr\u00e2ce aux extraits d\u2019Edelweiss et enrichi en eaux florales (Hamam\u00e9lis, Bleuet et Menthe poivr\u00e9e), ce soin pr\u00e9vient l\u2019apparition des rides et agit sur la souplesse et la tonicit\u00e9 cutan\u00e9e. Le teint est lumineux, les traits liss\u00e9s, la peau adoucie, pour un effet jeunesse qui se voit.<\/p>","protected":false},"excerpt":{"rendered":"<p>This indulgent gel-cream mask offers an \u201cinstant youth\u201d effect. It acts both at an epidermal and dermal level with Edelweiss extract enriched with floral water -Cornflower, Witch Hazel and Peppermint. This mask prevents the appearance of wrinkles and acts to improve skin\u2019s suppleness and tone. Your complexion is luminous, lines are smoothed and skin is [&hellip;]<\/p>","protected":false},"featured_media":34164,"template":"","meta":{"_acf_changed":false,"_et_pb_use_builder":"","_et_pb_old_content":"","_et_gb_content_width":""},"product_brand":[],"product_cat":[60,59],"product_tag":[],"class_list":{"0":"post-32849","1":"product","2":"type-product","3":"status-publish","4":"has-post-thumbnail","6":"product_cat-collections","7":"product_cat-horizon","9":"first","10":"instock","11":"shipping-taxable","12":"purchasable","13":"product-type-simple"},"acf":[],"_links":{"self":[{"href":"https:\/\/alpeorv2.aif-staging.com\/fr\/wp-json\/wp\/v2\/product\/32849","targetHints":{"allow":["GET"]}}],"collection":[{"href":"https:\/\/alpeorv2.aif-staging.com\/fr\/wp-json\/wp\/v2\/product"}],"about":[{"href":"https:\/\/alpeorv2.aif-staging.com\/fr\/wp-json\/wp\/v2\/types\/product"}],"wp:featuredmedia":[{"embeddable":true,"href":"https:\/\/alpeorv2.aif-staging.com\/fr\/wp-json\/wp\/v2\/media\/34164"}],"wp:attachment":[{"href":"https:\/\/alpeorv2.aif-staging.com\/fr\/wp-json\/wp\/v2\/media?parent=32849"}],"wp:term":[{"taxonomy":"product_brand","embeddable":true,"href":"https:\/\/alpeorv2.aif-staging.com\/fr\/wp-json\/wp\/v2\/product_brand?post=32849"},{"taxonomy":"product_cat","embeddable":true,"href":"https:\/\/alpeorv2.aif-staging.com\/fr\/wp-json\/wp\/v2\/product_cat?post=32849"},{"taxonomy":"product_tag","embeddable":true,"href":"https:\/\/alpeorv2.aif-staging.com\/fr\/wp-json\/wp\/v2\/product_tag?post=32849"}],"curies":[{"name":"wp","href":"https:\/\/api.w.org\/{rel}","templated":true}]}}