{"id":32859,"date":"2025-04-22T12:23:14","date_gmt":"2025-04-22T12:23:14","guid":{"rendered":"https:\/\/alpeorv2.aif-staging.com\/?post_type=product&#038;p=32859"},"modified":"2025-05-20T18:04:01","modified_gmt":"2025-05-20T18:04:01","slug":"ultitude-serum","status":"publish","type":"product","link":"https:\/\/alpeorv2.aif-staging.com\/fr\/produit\/ultitude-serum\/","title":{"rendered":"S\u00e9rum Ultitude"},"content":{"rendered":"<p>Avec sa formule de pointe, le S\u00e9rum Ultitude redessine l\u2019ovale du visage et lifte les traits. L'alliage exclusif d'extraits d\u2019iris et de narcisse cible la perte de volume pour un effet tenseur imm\u00e9diat et une \u00e9lasticit\u00e9 renforc\u00e9e. Les polysaccharides d\u2019avoine \u00e0 effet repulpant offrent un r\u00e9sultat visible. D\u00e9froiss\u00e9e, votre peau para\u00eet plus jeune.<\/p>","protected":false},"excerpt":{"rendered":"<p>Avec sa formule de pointe, le S\u00e9rum Ultitude redessine l\u2019ovale du visage et lifte les traits. L'alliage exclusif d'extraits d\u2019iris et de narcisse cible la perte de volume pour un effet tenseur imm\u00e9diat et une \u00e9lasticit\u00e9 renforc\u00e9e. Les polysaccharides d\u2019avoine \u00e0 effet repulpant offrent un r\u00e9sultat visible. D\u00e9froiss\u00e9e, votre peau para\u00eet plus jeune.<\/p>","protected":false},"featured_media":33720,"template":"","meta":{"_acf_changed":false,"_et_pb_use_builder":"","_et_pb_old_content":"","_et_gb_content_width":""},"product_brand":[],"product_cat":[60,38],"product_tag":[],"class_list":{"0":"post-32859","1":"product","2":"type-product","3":"status-publish","4":"has-post-thumbnail","6":"product_cat-collections","7":"product_cat-ultitude","9":"first","10":"instock","11":"shipping-taxable","12":"purchasable","13":"product-type-simple"},"acf":[],"_links":{"self":[{"href":"https:\/\/alpeorv2.aif-staging.com\/fr\/wp-json\/wp\/v2\/product\/32859","targetHints":{"allow":["GET"]}}],"collection":[{"href":"https:\/\/alpeorv2.aif-staging.com\/fr\/wp-json\/wp\/v2\/product"}],"about":[{"href":"https:\/\/alpeorv2.aif-staging.com\/fr\/wp-json\/wp\/v2\/types\/product"}],"wp:featuredmedia":[{"embeddable":true,"href":"https:\/\/alpeorv2.aif-staging.com\/fr\/wp-json\/wp\/v2\/media\/33720"}],"wp:attachment":[{"href":"https:\/\/alpeorv2.aif-staging.com\/fr\/wp-json\/wp\/v2\/media?parent=32859"}],"wp:term":[{"taxonomy":"product_brand","embeddable":true,"href":"https:\/\/alpeorv2.aif-staging.com\/fr\/wp-json\/wp\/v2\/product_brand?post=32859"},{"taxonomy":"product_cat","embeddable":true,"href":"https:\/\/alpeorv2.aif-staging.com\/fr\/wp-json\/wp\/v2\/product_cat?post=32859"},{"taxonomy":"product_tag","embeddable":true,"href":"https:\/\/alpeorv2.aif-staging.com\/fr\/wp-json\/wp\/v2\/product_tag?post=32859"}],"curies":[{"name":"wp","href":"https:\/\/api.w.org\/{rel}","templated":true}]}}