{"id":32863,"date":"2025-04-22T10:02:05","date_gmt":"2025-04-22T10:02:05","guid":{"rendered":"https:\/\/alpeorv2.aif-staging.com\/?post_type=product&#038;p=32863"},"modified":"2025-08-25T20:38:04","modified_gmt":"2025-08-25T20:38:04","slug":"ultitude-eye-cream","status":"publish","type":"product","link":"https:\/\/alpeorv2.aif-staging.com\/fr\/produit\/ultitude-eye-cream\/","title":{"rendered":"Ultitude Eye Cream"},"content":{"rendered":"<p class=\" translation-block\">Le Soin Regard Ultitude a \u00e9t\u00e9 sp\u00e9cifiquement con\u00e7u pour corriger les effets du temps qui marquent le contour de l\u2019\u0153il. Au c\u0153ur de sa formule, une puissante combinaison d\u2019extraits de Narcisse et d\u2019Iris pour att\u00e9nuer visiblement les rides, et d'Acide Hyaluronique de haut poids mol\u00e9culaire pour lisser et combler les signes de l\u2019\u00e2ge. L'extrait de Rose des Alpes compl\u00e8te ce soin haute performance en agissant en v\u00e9ritable bouclier contre le veillissement cellulaire pr\u00e9matur\u00e9. Sa texture cr\u00e8me p\u00e9n\u00e8tre rapidement dans l'\u00e9piderme. En un seul geste, les paupi\u00e8res sont lift\u00e9es, rides et ridules liss\u00e9es pour un regard visiblement rajeuni.<\/p>","protected":false},"excerpt":{"rendered":"<p>Ultitude Eye Cream has been specifically designed to turn back the effects of time on the eye contour area. At the heart of its formula is a powerful combination of Narcissus and Iris extracts to visibly reduce wrinkles, and high molecular weight Hyaluronic Acid to smooth and combat signs of aging. Alpine Rose extract completes [&hellip;]<\/p>","protected":false},"featured_media":34167,"template":"","meta":{"_acf_changed":false,"_et_pb_use_builder":"","_et_pb_old_content":"","_et_gb_content_width":""},"product_brand":[],"product_cat":[60,38],"product_tag":[],"class_list":{"0":"post-32863","1":"product","2":"type-product","3":"status-publish","4":"has-post-thumbnail","6":"product_cat-collections","7":"product_cat-ultitude","9":"first","10":"instock","11":"shipping-taxable","12":"purchasable","13":"product-type-simple"},"acf":[],"_links":{"self":[{"href":"https:\/\/alpeorv2.aif-staging.com\/fr\/wp-json\/wp\/v2\/product\/32863","targetHints":{"allow":["GET"]}}],"collection":[{"href":"https:\/\/alpeorv2.aif-staging.com\/fr\/wp-json\/wp\/v2\/product"}],"about":[{"href":"https:\/\/alpeorv2.aif-staging.com\/fr\/wp-json\/wp\/v2\/types\/product"}],"wp:featuredmedia":[{"embeddable":true,"href":"https:\/\/alpeorv2.aif-staging.com\/fr\/wp-json\/wp\/v2\/media\/34167"}],"wp:attachment":[{"href":"https:\/\/alpeorv2.aif-staging.com\/fr\/wp-json\/wp\/v2\/media?parent=32863"}],"wp:term":[{"taxonomy":"product_brand","embeddable":true,"href":"https:\/\/alpeorv2.aif-staging.com\/fr\/wp-json\/wp\/v2\/product_brand?post=32863"},{"taxonomy":"product_cat","embeddable":true,"href":"https:\/\/alpeorv2.aif-staging.com\/fr\/wp-json\/wp\/v2\/product_cat?post=32863"},{"taxonomy":"product_tag","embeddable":true,"href":"https:\/\/alpeorv2.aif-staging.com\/fr\/wp-json\/wp\/v2\/product_tag?post=32863"}],"curies":[{"name":"wp","href":"https:\/\/api.w.org\/{rel}","templated":true}]}}