{"id":32868,"date":"2025-04-22T08:22:58","date_gmt":"2025-04-22T08:22:58","guid":{"rendered":"https:\/\/alpeorv2.aif-staging.com\/?post_type=product&#038;p=32868"},"modified":"2025-08-25T21:05:13","modified_gmt":"2025-08-25T21:05:13","slug":"ultitude-cream","status":"publish","type":"product","link":"https:\/\/alpeorv2.aif-staging.com\/fr\/produit\/ultitude-cream\/","title":{"rendered":"Cr\u00e8me Ultitude"},"content":{"rendered":"<p>V\u00e9ritable \u00e9lixir fermet\u00e9, la Cr\u00e8me Ultitude agit contre les signes du vieillissement cutan\u00e9 et apporte une r\u00e9ponse anti-\u00e2ge compl\u00e8te. La synergie des extraits d\u2019Iris et de Pistachier, v\u00e9ritable botox v\u00e9g\u00e9tal, restaure la perte de volume et redessine les contours de l\u2019ovale. L'huile d\u2019A\u00e7a\u00ef apporte vitalit\u00e9 et souplesse pour une douceur incomparable au toucher. La peau est repulp\u00e9e, l\u2019apparence des rides et ridules est att\u00e9nu\u00e9e.<\/p>","protected":false},"excerpt":{"rendered":"<p>Ultitude Cream is a veritable firming treatment, it combats signs of skin aging and offers an overall anti-aging action. The combination of Iris and Mastic, acts like botanical botox, restoring a loss of volume and sculpting the outline of your face. A\u00e7a\u00ef oil adds vitality and suppleness for unequalled softness. Skin is plumped and the [&hellip;]<\/p>","protected":false},"featured_media":34171,"template":"","meta":{"_acf_changed":false,"_et_pb_use_builder":"","_et_pb_old_content":"","_et_gb_content_width":""},"product_brand":[],"product_cat":[60,38],"product_tag":[],"class_list":{"0":"post-32868","1":"product","2":"type-product","3":"status-publish","4":"has-post-thumbnail","6":"product_cat-collections","7":"product_cat-ultitude","9":"first","10":"instock","11":"shipping-taxable","12":"purchasable","13":"product-type-simple"},"acf":[],"_links":{"self":[{"href":"https:\/\/alpeorv2.aif-staging.com\/fr\/wp-json\/wp\/v2\/product\/32868","targetHints":{"allow":["GET"]}}],"collection":[{"href":"https:\/\/alpeorv2.aif-staging.com\/fr\/wp-json\/wp\/v2\/product"}],"about":[{"href":"https:\/\/alpeorv2.aif-staging.com\/fr\/wp-json\/wp\/v2\/types\/product"}],"wp:featuredmedia":[{"embeddable":true,"href":"https:\/\/alpeorv2.aif-staging.com\/fr\/wp-json\/wp\/v2\/media\/34171"}],"wp:attachment":[{"href":"https:\/\/alpeorv2.aif-staging.com\/fr\/wp-json\/wp\/v2\/media?parent=32868"}],"wp:term":[{"taxonomy":"product_brand","embeddable":true,"href":"https:\/\/alpeorv2.aif-staging.com\/fr\/wp-json\/wp\/v2\/product_brand?post=32868"},{"taxonomy":"product_cat","embeddable":true,"href":"https:\/\/alpeorv2.aif-staging.com\/fr\/wp-json\/wp\/v2\/product_cat?post=32868"},{"taxonomy":"product_tag","embeddable":true,"href":"https:\/\/alpeorv2.aif-staging.com\/fr\/wp-json\/wp\/v2\/product_tag?post=32868"}],"curies":[{"name":"wp","href":"https:\/\/api.w.org\/{rel}","templated":true}]}}