{"id":32872,"date":"2025-04-22T08:01:29","date_gmt":"2025-04-22T08:01:29","guid":{"rendered":"https:\/\/alpeorv2.aif-staging.com\/?post_type=product&#038;p=32872"},"modified":"2025-08-26T19:49:28","modified_gmt":"2025-08-26T19:49:28","slug":"body-peeling","status":"publish","type":"product","link":"https:\/\/alpeorv2.aif-staging.com\/fr\/produit\/body-peeling\/","title":{"rendered":"Body Peeling"},"content":{"rendered":"<p>Ce soin micro-exfoliant doux est formul\u00e9 sans grains. Il exfolie et lisse la peau jour apr\u00e8s jour gr\u00e2ce \u00e0 une puissante combinaison d\u2019AHA\/BHA (acide glycolique &amp; acide salicylique) qui \u00e9limine efficacement les cellules mortes en seulement quelques minutes tout en favorisant le renouvellement cellulaire.<br \/>\nL'acide hyaluronique, profond\u00e9ment hydratant, est associ\u00e9 \u00e0 l'extrait d'Edelweiss, un antioxydant naturel, pour offrir une protection durable et combattre efficacement les signes visibles du vieillissement.<\/p>","protected":false},"excerpt":{"rendered":"<p>This micro-exfoliating scrub has a grain and bead-free formula. It exfoliates and smooths skin daily with a powerful AHA\/BHA combination (glycolic and salicylic acid) which effectively eliminates dead skin cells in just a few minutes while promoting cellular renewal. Deeply hydrating hyaluronic acid is combined with Edelweiss extract, a natural antioxidant, to offer lasting protection [&hellip;]<\/p>","protected":false},"featured_media":34201,"template":"","meta":{"_acf_changed":false,"_et_pb_use_builder":"","_et_pb_old_content":"","_et_gb_content_width":""},"product_brand":[],"product_cat":[60,61],"product_tag":[],"class_list":{"0":"post-32872","1":"product","2":"type-product","3":"status-publish","4":"has-post-thumbnail","6":"product_cat-collections","7":"product_cat-alpeor-body","9":"first","10":"instock","11":"shipping-taxable","12":"purchasable","13":"product-type-simple"},"acf":[],"_links":{"self":[{"href":"https:\/\/alpeorv2.aif-staging.com\/fr\/wp-json\/wp\/v2\/product\/32872","targetHints":{"allow":["GET"]}}],"collection":[{"href":"https:\/\/alpeorv2.aif-staging.com\/fr\/wp-json\/wp\/v2\/product"}],"about":[{"href":"https:\/\/alpeorv2.aif-staging.com\/fr\/wp-json\/wp\/v2\/types\/product"}],"wp:featuredmedia":[{"embeddable":true,"href":"https:\/\/alpeorv2.aif-staging.com\/fr\/wp-json\/wp\/v2\/media\/34201"}],"wp:attachment":[{"href":"https:\/\/alpeorv2.aif-staging.com\/fr\/wp-json\/wp\/v2\/media?parent=32872"}],"wp:term":[{"taxonomy":"product_brand","embeddable":true,"href":"https:\/\/alpeorv2.aif-staging.com\/fr\/wp-json\/wp\/v2\/product_brand?post=32872"},{"taxonomy":"product_cat","embeddable":true,"href":"https:\/\/alpeorv2.aif-staging.com\/fr\/wp-json\/wp\/v2\/product_cat?post=32872"},{"taxonomy":"product_tag","embeddable":true,"href":"https:\/\/alpeorv2.aif-staging.com\/fr\/wp-json\/wp\/v2\/product_tag?post=32872"}],"curies":[{"name":"wp","href":"https:\/\/api.w.org\/{rel}","templated":true}]}}