{"id":32877,"date":"2025-04-22T09:58:29","date_gmt":"2025-04-22T09:58:29","guid":{"rendered":"https:\/\/alpeorv2.aif-staging.com\/?post_type=product&#038;p=32877"},"modified":"2025-08-26T19:48:58","modified_gmt":"2025-08-26T19:48:58","slug":"body-cream","status":"publish","type":"product","link":"https:\/\/alpeorv2.aif-staging.com\/fr\/produit\/body-cream\/","title":{"rendered":"Body Cream"},"content":{"rendered":"<p>Enrichie en actifs v\u00e9g\u00e9taux de Cresson du Para et de Buddleja Davidii, la Cr\u00e8me Corps redonne densit\u00e9 et fermet\u00e9 \u00e0 la peau tout en la prot\u00e9geant des signes du vieillissement cutan\u00e9 pr\u00e9matur\u00e9. Sa texture l\u00e9g\u00e8re et soyeuse fond instantan\u00e9ment sur la peau et l\u2019enveloppe d\u2019un voile de douceur.<br \/>\nD\u00e8s la premi\u00e8re application, l\u2019effet tenseur est imm\u00e9diat, la peau est hydrat\u00e9e et retrouve tout son confort. Jour apr\u00e8s jour, elle regagne en \u00e9lasticit\u00e9 et en fermet\u00e9 pour une silhouette plus tonique.<\/p>","protected":false},"excerpt":{"rendered":"<p>The Body Cream is enriched with the botanical active ingredients Paracress and Buddleja Davidii to restore skin\u2019s density and firmness while protecting it from premature signs of aging. Its light, silky texture instantly melts into the skin, enveloping it in softness. From the first application, the tensing effect is instant, skin is hydrated and regains [&hellip;]<\/p>","protected":false},"featured_media":34202,"template":"","meta":{"_acf_changed":false,"_et_pb_use_builder":"","_et_pb_old_content":"","_et_gb_content_width":""},"product_brand":[],"product_cat":[60,61],"product_tag":[],"class_list":{"0":"post-32877","1":"product","2":"type-product","3":"status-publish","4":"has-post-thumbnail","6":"product_cat-collections","7":"product_cat-alpeor-body","9":"first","10":"instock","11":"shipping-taxable","12":"purchasable","13":"product-type-simple"},"acf":[],"_links":{"self":[{"href":"https:\/\/alpeorv2.aif-staging.com\/fr\/wp-json\/wp\/v2\/product\/32877","targetHints":{"allow":["GET"]}}],"collection":[{"href":"https:\/\/alpeorv2.aif-staging.com\/fr\/wp-json\/wp\/v2\/product"}],"about":[{"href":"https:\/\/alpeorv2.aif-staging.com\/fr\/wp-json\/wp\/v2\/types\/product"}],"wp:featuredmedia":[{"embeddable":true,"href":"https:\/\/alpeorv2.aif-staging.com\/fr\/wp-json\/wp\/v2\/media\/34202"}],"wp:attachment":[{"href":"https:\/\/alpeorv2.aif-staging.com\/fr\/wp-json\/wp\/v2\/media?parent=32877"}],"wp:term":[{"taxonomy":"product_brand","embeddable":true,"href":"https:\/\/alpeorv2.aif-staging.com\/fr\/wp-json\/wp\/v2\/product_brand?post=32877"},{"taxonomy":"product_cat","embeddable":true,"href":"https:\/\/alpeorv2.aif-staging.com\/fr\/wp-json\/wp\/v2\/product_cat?post=32877"},{"taxonomy":"product_tag","embeddable":true,"href":"https:\/\/alpeorv2.aif-staging.com\/fr\/wp-json\/wp\/v2\/product_tag?post=32877"}],"curies":[{"name":"wp","href":"https:\/\/api.w.org\/{rel}","templated":true}]}}